{"id":6334,"date":"2026-03-11T17:35:09","date_gmt":"2026-03-11T17:35:09","guid":{"rendered":"https:\/\/okmathscenter.com\/?page_id=6334"},"modified":"2026-04-11T07:57:15","modified_gmt":"2026-04-11T07:57:15","slug":"matura","status":"publish","type":"page","link":"https:\/\/okmathscenter.com\/sq\/matura\/","title":{"rendered":"Matura Shteterore"},"content":{"rendered":"<div data-elementor-type=\"wp-page\" data-elementor-id=\"6334\" class=\"elementor elementor-6334\">\n\t\t\t\t<div class=\"elementor-element elementor-element-44be02a e-con-full e-flex e-con e-parent\" data-id=\"44be02a\" data-element_type=\"container\" data-e-type=\"container\">\n\t\t\t\t<div class=\"elementor-element elementor-element-729076e elementor-arrows-position-inside elementor-pagination-position-outside elementor-widget elementor-widget-image-carousel\" data-id=\"729076e\" data-element_type=\"widget\" data-e-type=\"widget\" data-settings=\"{&quot;slides_to_show&quot;:&quot;1&quot;,&quot;navigation&quot;:&quot;both&quot;,&quot;autoplay&quot;:&quot;yes&quot;,&quot;pause_on_hover&quot;:&quot;yes&quot;,&quot;pause_on_interaction&quot;:&quot;yes&quot;,&quot;autoplay_speed&quot;:5000,&quot;infinite&quot;:&quot;yes&quot;,&quot;effect&quot;:&quot;slide&quot;,&quot;speed&quot;:500}\" data-widget_type=\"image-carousel.default\">\n\t\t\t\t\t\t\t<div class=\"elementor-image-carousel-wrapper swiper\" role=\"region\" aria-roledescription=\"carousel\" aria-label=\"Image Carousel\" dir=\"ltr\">\n\t\t\t<div class=\"elementor-image-carousel swiper-wrapper\" aria-live=\"off\">\n\t\t\t\t\t\t\t\t<div class=\"swiper-slide\" role=\"group\" aria-roledescription=\"slide\" aria-label=\"1 of 1\" data-no-translation-aria-label=\"\"><figure class=\"swiper-slide-inner\"><img decoding=\"async\" class=\"swiper-slide-image\" src=\"https:\/\/okmathscenter.com\/wp-content\/uploads\/2026\/03\/WhatsApp-Image-2026-03-21-at-7.11.56-PM-1-e1774622089916.jpeg\" alt=\"WhatsApp Image 2026-03-21 at 7.11.56 PM (1)\" \/><\/figure><\/div>\t\t\t<\/div>\n\t\t\t\t\t<\/div>\n\t\t\t\t\t\t<\/div>\n\t\t\t\t<\/div>\n\t\t<div class=\"elementor-element elementor-element-47cec77 e-con-full e-flex e-con e-parent\" data-id=\"47cec77\" data-element_type=\"container\" data-e-type=\"container\">\n\t\t\t\t<div class=\"elementor-element elementor-element-e6b0dea elementor-widget elementor-widget-heading\" data-id=\"e6b0dea\" data-element_type=\"widget\" data-e-type=\"widget\" data-widget_type=\"heading.default\">\n\t\t\t\t\t<h2 class=\"elementor-heading-title elementor-size-default\">Matura Shtet\u00ebrore 2026:<br>\n Koha \u00ebsht\u00eb Tani!<br>\nRezultatet fillojn\u00eb sot!<\/h2>\t\t\t\t<\/div>\n\t\t\t\t<\/div>\n\t\t<div class=\"elementor-element elementor-element-6d55812 e-con-full e-flex e-con e-parent\" data-id=\"6d55812\" data-element_type=\"container\" data-e-type=\"container\">\n\t\t\t\t<div class=\"elementor-element elementor-element-cebc338 elementor-widget elementor-widget-text-editor\" data-id=\"cebc338\" data-element_type=\"widget\" data-e-type=\"widget\" data-widget_type=\"text-editor.default\">\n\t\t\t\t\t\t\t\t\t<p>Provimi i matematik\u00ebs n\u00eb Matur\u00eb nuk \u00ebsht\u00eb thjesht nj\u00eb test \u2014 \u00ebsht\u00eb nj\u00eb hap vendimtar drejt universitetit dhe deg\u00ebs q\u00eb synoni. Sa m\u00eb von\u00eb t\u00eb nis\u00eb p\u00ebrgatitja, aq m\u00eb e v\u00ebshtir\u00eb b\u00ebhet rikuperimi i boshll\u00ebqeve; n\u00eb OK Maths Center, ne e kthejm\u00eb stresin, paqart\u00ebsin\u00eb dhe vones\u00ebn n\u00eb plan t\u00eb qart\u00eb, rit\u00ebm pune dhe rezultate t\u00eb matshme.<\/p>\t\t\t\t\t\t\t\t<\/div>\n\t\t\t\t<\/div>\n\t\t<div class=\"elementor-element elementor-element-a59aff3 e-flex e-con-boxed e-con e-parent\" data-id=\"a59aff3\" data-element_type=\"container\" data-e-type=\"container\">\n\t\t\t\t\t<div class=\"e-con-inner\">\n\t\t\t\t<div class=\"elementor-element elementor-element-a63a59c elementor-align-center elementor-widget elementor-widget-button\" data-id=\"a63a59c\" data-element_type=\"widget\" data-e-type=\"widget\" data-widget_type=\"button.default\">\n\t\t\t\t\t\t\t\t\t\t<a class=\"elementor-button elementor-button-link elementor-size-sm\" href=\"https:\/\/okmathscenter.com\/sq\/programi-i-matematikes-ne-mature-shteterore\/\">\n\t\t\t\t\t\t<span class=\"elementor-button-content-wrapper\">\n\t\t\t\t\t\t\t\t\t<span class=\"elementor-button-text\">Programi i Matematik\u00ebs n\u00eb Matur\u00eb Shtet\u00ebrore.  <\/span>\n\t\t\t\t\t<\/span>\n\t\t\t\t\t<\/a>\n\t\t\t\t\t\t\t\t<\/div>\n\t\t\t\t\t<\/div>\n\t\t\t\t<\/div>\n\t\t\t\t<section class=\"elementor-section elementor-top-section elementor-element elementor-element-ae20b1c elementor-section-stretched elementor-section-boxed elementor-section-height-default elementor-section-height-default\" data-id=\"ae20b1c\" data-element_type=\"section\" data-e-type=\"section\" data-settings=\"{&quot;stretch_section&quot;:&quot;section-stretched&quot;,&quot;background_background&quot;:&quot;gradient&quot;}\">\n\t\t\t\t\t\t\t<div class=\"elementor-background-overlay\"><\/div>\n\t\t\t\t\t\t\t<div class=\"elementor-container elementor-column-gap-extended\">\n\t\t\t\t\t<div class=\"elementor-column elementor-col-100 elementor-top-column elementor-element elementor-element-7c2f39e\" data-id=\"7c2f39e\" data-element_type=\"column\" data-e-type=\"column\">\n\t\t\t<div class=\"elementor-widget-wrap elementor-element-populated\">\n\t\t\t\t\t\t<div class=\"elementor-element elementor-element-d27ccfe elementor-invisible elementor-widget elementor-widget-heading\" data-id=\"d27ccfe\" data-element_type=\"widget\" data-e-type=\"widget\" data-settings=\"{&quot;_animation&quot;:&quot;slide-up&quot;}\" data-widget_type=\"heading.default\">\n\t\t\t\t\t<h2 class=\"elementor-heading-title elementor-size-default\">Programi<\/h2>\t\t\t\t<\/div>\n\t\t\t\t<div class=\"elementor-element elementor-element-9d58b88 elementor-invisible elementor-widget elementor-widget-text-editor\" data-id=\"9d58b88\" data-element_type=\"widget\" data-e-type=\"widget\" data-settings=\"{&quot;_animation&quot;:&quot;slide-up&quot;,&quot;_animation_delay&quot;:300}\" data-widget_type=\"text-editor.default\">\n\t\t\t\t\t\t\t\t\t<p><strong>Rishikim i Plot\u00eb i Kurrikul\u00ebs (Klasat 10-12)<\/strong><\/p><p><em>Asnj\u00eb boshll\u00ebk nuk lihet pas.<\/em><\/p><ul><li><strong>Algjebra dhe Funksionet-<\/strong>punojm\u00eb mbi ekuacionet, sistemet, logaritmet dhe temat ky\u00e7e q\u00eb p\u00ebrcaktojn\u00eb nj\u00eb pjes\u00eb t\u00eb madhe t\u00eb performanc\u00ebs n\u00eb test.<\/li><li><strong>Gjeometria dhe Trigonometria-<\/strong>nd\u00ebrtojm\u00eb kuptim t\u00eb qart\u00eb, vizual dhe praktik p\u00ebr temat q\u00eb shpesh krijojn\u00eb pasiguri te maturant\u00ebt.<\/li><li><strong>Analiza Matematike-<\/strong>\u00a0fokusohemi te derivatet dhe integralet, aty ku shpesh b\u00ebhet diferenca mes nj\u00eb rezultati mesatar dhe nj\u00eb note t\u00eb lart\u00eb.<\/li><\/ul><p><strong>Strategjia e Zgjidhjes s\u00eb Tez\u00ebs<\/strong><\/p><p><em>M\u00ebso si t\u00eb fitosh pik\u00eb n\u00eb \u00e7do ushtrim.<\/em><\/p><ul><li><strong>Menaxhimi i Koh\u00ebs-<\/strong>\u00a0maturant\u00ebt m\u00ebsojn\u00eb si t\u00eb kontrollojn\u00eb ritmin e provimit dhe t\u00eb mos humbin pik\u00eb nga paniku apo bllokimi.<\/li><li><strong>Analiza-<\/strong>\u00e7do problem ndahet n\u00eb hapa t\u00eb qart\u00eb, n\u00eb m\u00ebnyr\u00eb q\u00eb edhe ushtrimet m\u00eb t\u00eb v\u00ebshtira t\u00eb b\u00ebhen t\u00eb menaxhueshme.<\/li><li><strong>Simulime Reale-<\/strong>\u00a0testime periodike n\u00eb kushte provimi i ndihmojn\u00eb nx\u00ebn\u00ebsit t\u00eb hyjn\u00eb n\u00eb dit\u00ebn e Matur\u00ebs me m\u00eb shum\u00eb siguri, qet\u00ebsi dhe kontroll.<\/li><\/ul>\t\t\t\t\t\t\t\t<\/div>\n\t\t\t\t\t<\/div>\n\t\t<\/div>\n\t\t\t\t\t<\/div>\n\t\t<\/section>\n\t\t<div class=\"elementor-element elementor-element-b1b3433 e-flex e-con-boxed e-con e-parent\" data-id=\"b1b3433\" data-element_type=\"container\" data-e-type=\"container\">\n\t\t\t\t\t<div class=\"e-con-inner\">\n\t\t<div class=\"elementor-element elementor-element-fdee6b5 e-grid e-con-full e-con e-child\" data-id=\"fdee6b5\" data-element_type=\"container\" data-e-type=\"container\">\n\t\t\t\t<div class=\"elementor-element elementor-element-7959654 elementor-widget elementor-widget-image\" data-id=\"7959654\" data-element_type=\"widget\" data-e-type=\"widget\" data-widget_type=\"image.default\">\n\t\t\t\t\t\t\t\t\t\t\t\t\t\t\t<img fetchpriority=\"high\" decoding=\"async\" width=\"660\" height=\"505\" src=\"https:\/\/okmathscenter.com\/wp-content\/uploads\/2026\/04\/WhatsApp-Image-2026-04-03-at-9.18.20-PM.jpeg\" class=\"attachment-large size-large wp-image-6962\" alt=\"\" srcset=\"https:\/\/okmathscenter.com\/wp-content\/uploads\/2026\/04\/WhatsApp-Image-2026-04-03-at-9.18.20-PM.jpeg 934w, https:\/\/okmathscenter.com\/wp-content\/uploads\/2026\/04\/WhatsApp-Image-2026-04-03-at-9.18.20-PM-300x229.jpeg 300w, https:\/\/okmathscenter.com\/wp-content\/uploads\/2026\/04\/WhatsApp-Image-2026-04-03-at-9.18.20-PM-768x587.jpeg 768w, https:\/\/okmathscenter.com\/wp-content\/uploads\/2026\/04\/WhatsApp-Image-2026-04-03-at-9.18.20-PM-600x459.jpeg 600w\" sizes=\"(max-width: 660px) 100vw, 660px\" \/>\t\t\t\t\t\t\t\t\t\t\t\t\t\t\t<\/div>\n\t\t<div class=\"elementor-element elementor-element-ce50822 e-grid e-con-full e-con e-child\" data-id=\"ce50822\" data-element_type=\"container\" data-e-type=\"container\">\n\t\t\t\t<div class=\"elementor-element elementor-element-6ed289b elementor-widget__width-initial elementor-widget elementor-widget-heading\" data-id=\"6ed289b\" data-element_type=\"widget\" data-e-type=\"widget\" data-widget_type=\"heading.default\">\n\t\t\t\t\t<h2 class=\"elementor-heading-title elementor-size-default\">Pse OK Maths Center \u00ebsht\u00eb Zgjedhja e Vetme?<\/h2>\t\t\t\t<\/div>\n\t\t\t\t<div class=\"elementor-element elementor-element-bed27cd elementor-widget elementor-widget-text-editor\" data-id=\"bed27cd\" data-element_type=\"widget\" data-e-type=\"widget\" data-widget_type=\"text-editor.default\">\n\t\t\t\t\t\t\t\t\t<ul><li><strong>M\u00ebsimdh\u00ebnie me Fokus te Rezultati-<\/strong> ne nuk shpjegojm\u00eb vet\u00ebm teorin\u00eb; ne p\u00ebrgatisim nx\u00ebn\u00ebsit t\u00eb performojn\u00eb aty ku vler\u00ebsohen realisht.<\/li><li><strong>Inovacioni Digjital-<\/strong>p\u00ebrdorim mjete moderne dhe qasje vizuale q\u00eb e b\u00ebjn\u00eb matematik\u00ebn m\u00eb t\u00eb kuptueshme, m\u00eb t\u00eb shpejt\u00eb p\u00ebr t\u2019u p\u00ebrvet\u00ebsuar dhe m\u00eb pak stresuese.<\/li><li><strong>Grupe t\u00eb Limituara:<\/strong> \u2014 \u00e7do maturant merr v\u00ebmendje t\u00eb personalizuar, korrigjim t\u00eb menj\u00ebhersh\u00ebm dhe drejtim t\u00eb qart\u00eb sipas nivelit t\u00eb vet.<\/li><\/ul>\t\t\t\t\t\t\t\t<\/div>\n\t\t\t\t<\/div>\n\t\t\t\t<\/div>\n\t\t\t\t\t<\/div>\n\t\t\t\t<\/div>\n\t\t<div class=\"elementor-element elementor-element-320dd77 e-con-full e-flex e-con e-parent\" data-id=\"320dd77\" data-element_type=\"container\" data-e-type=\"container\">\n\t\t\t\t<div class=\"elementor-element elementor-element-58596f1 elementor-alert-danger elementor-widget elementor-widget-alert\" data-id=\"58596f1\" data-element_type=\"widget\" data-e-type=\"widget\" data-widget_type=\"alert.default\">\n\t\t\t\t\t\t\t<div class=\"elementor-alert\" role=\"alert\">\n\n\t\t\t\t\t\t<span class=\"elementor-alert-title\">Regjistrimet po Mbyllen!<\/span>\n\t\t\t\n\t\t\t\t\t\t<span class=\"elementor-alert-description\">\"Diferenca mes nj\u00eb maturanti q\u00eb hyn n\u00eb provim me siguri dhe nj\u00eb maturanti q\u00eb lufton me stresin krijohet jav\u00eb m\u00eb par\u00eb, jo nj\u00eb nat\u00eb para testit. N\u00ebse synoni not\u00eb t\u00eb lart\u00eb, m\u00eb shum\u00eb mund\u00ebsi p\u00ebr deg\u00ebn e d\u00ebshiruar dhe m\u00eb pak presion n\u00eb fund, momenti p\u00ebr t\u00eb filluar \u00ebsht\u00eb tani..\"<\/span>\n\t\t\t\n\t\t\t\t\t\t<button type=\"button\" class=\"elementor-alert-dismiss\" aria-label=\"Dismiss this alert.\" data-no-translation-aria-label=\"\">\n\t\t\t\t\t\t\t\t\t<span aria-hidden=\"true\">&times;<\/span>\n\t\t\t\t\t\t\t<\/button>\n\t\t\t\n\t\t<\/div>\n\t\t\t\t\t\t<\/div>\n\t\t\t\t<\/div>\n\t\t\t\t<\/div>","protected":false},"excerpt":{"rendered":"<p>Matura Shtet\u00ebrore 2026: Koha \u00ebsht\u00eb Tani! Rezultatet fillojn\u00eb sot! Provimi i matematik\u00ebs n\u00eb Matur\u00eb nuk \u00ebsht\u00eb thjesht nj\u00eb test \u2014 [&hellip;]<\/p>\n","protected":false},"author":1,"featured_media":0,"parent":0,"menu_order":0,"comment_status":"closed","ping_status":"closed","template":"elementor_header_footer","meta":{"_uag_custom_page_level_css":"","footnotes":""},"class_list":["post-6334","page","type-page","status-publish","hentry"],"aioseo_notices":[],"_hostinger_reach_plugin_has_subscription_block":false,"_hostinger_reach_plugin_is_elementor":false,"uagb_featured_image_src":{"full":false,"thumbnail":false,"medium":false,"medium_large":false,"large":false,"1536x1536":false,"2048x2048":false,"trp-custom-language-flag":false,"educrat-course-list":false,"educrat-course-grid":false,"woocommerce_thumbnail":false,"woocommerce_single":false,"woocommerce_gallery_thumbnail":false},"uagb_author_info":{"display_name":"eniduka2023@gmail.com","author_link":"https:\/\/okmathscenter.com\/sq\/author\/eniduka2023gmail-com\/"},"uagb_comment_info":0,"uagb_excerpt":"Matura Shtet\u00ebrore 2026: Koha \u00ebsht\u00eb Tani! Rezultatet fillojn\u00eb sot! Provimi i matematik\u00ebs n\u00eb Matur\u00eb nuk \u00ebsht\u00eb thjesht nj\u00eb test \u2014 [&hellip;]","_links":{"self":[{"href":"https:\/\/okmathscenter.com\/sq\/wp-json\/wp\/v2\/pages\/6334","targetHints":{"allow":["GET"]}}],"collection":[{"href":"https:\/\/okmathscenter.com\/sq\/wp-json\/wp\/v2\/pages"}],"about":[{"href":"https:\/\/okmathscenter.com\/sq\/wp-json\/wp\/v2\/types\/page"}],"author":[{"embeddable":true,"href":"https:\/\/okmathscenter.com\/sq\/wp-json\/wp\/v2\/users\/1"}],"replies":[{"embeddable":true,"href":"https:\/\/okmathscenter.com\/sq\/wp-json\/wp\/v2\/comments?post=6334"}],"version-history":[{"count":81,"href":"https:\/\/okmathscenter.com\/sq\/wp-json\/wp\/v2\/pages\/6334\/revisions"}],"predecessor-version":[{"id":7116,"href":"https:\/\/okmathscenter.com\/sq\/wp-json\/wp\/v2\/pages\/6334\/revisions\/7116"}],"wp:attachment":[{"href":"https:\/\/okmathscenter.com\/sq\/wp-json\/wp\/v2\/media?parent=6334"}],"curies":[{"name":"wp","href":"https:\/\/api.w.org\/{rel}","templated":true}]}}